{"id":29267,"date":"2025-10-24T09:14:24","date_gmt":"2025-10-24T09:14:24","guid":{"rendered":"https:\/\/fortalezacoffee.com.tr\/?post_type=product&#038;p=29267"},"modified":"2025-10-24T09:14:24","modified_gmt":"2025-10-24T09:14:24","slug":"mozaik-pasta","status":"publish","type":"product","link":"https:\/\/fortalezacoffee.com.tr\/tr_tr\/product\/mozaik-pasta\/","title":{"rendered":"Mozaik Pasta"},"content":{"rendered":"","protected":false},"excerpt":{"rendered":"<p data-start=\"291\" data-end=\"460\"><strong data-start=\"291\" data-end=\"307\">Mozaik Pasta<\/strong>, bisk\u00fcvi par\u00e7alar\u0131, kakao ve tereya\u011f\u0131 ile haz\u0131rlanan so\u011fuk bir tatl\u0131d\u0131r. Katmanlar\u0131 mozaik gibi renkli ve kremams\u0131 dokusu ile zengin bir lezzet sunar.<\/p>\n","protected":false},"featured_media":29280,"comment_status":"open","ping_status":"closed","template":"","meta":[],"product_brand":[],"product_cat":[77],"product_tag":[],"class_list":{"0":"post-29267","1":"product","2":"type-product","3":"status-publish","4":"has-post-thumbnail","6":"product_cat-tatlilar","8":"first","9":"instock","10":"shipping-taxable","11":"purchasable","12":"product-type-simple"},"_links":{"self":[{"href":"https:\/\/fortalezacoffee.com.tr\/tr_tr\/wp-json\/wp\/v2\/product\/29267","targetHints":{"allow":["GET"]}}],"collection":[{"href":"https:\/\/fortalezacoffee.com.tr\/tr_tr\/wp-json\/wp\/v2\/product"}],"about":[{"href":"https:\/\/fortalezacoffee.com.tr\/tr_tr\/wp-json\/wp\/v2\/types\/product"}],"replies":[{"embeddable":true,"href":"https:\/\/fortalezacoffee.com.tr\/tr_tr\/wp-json\/wp\/v2\/comments?post=29267"}],"version-history":[{"count":1,"href":"https:\/\/fortalezacoffee.com.tr\/tr_tr\/wp-json\/wp\/v2\/product\/29267\/revisions"}],"predecessor-version":[{"id":29281,"href":"https:\/\/fortalezacoffee.com.tr\/tr_tr\/wp-json\/wp\/v2\/product\/29267\/revisions\/29281"}],"wp:featuredmedia":[{"embeddable":true,"href":"https:\/\/fortalezacoffee.com.tr\/tr_tr\/wp-json\/wp\/v2\/media\/29280"}],"wp:attachment":[{"href":"https:\/\/fortalezacoffee.com.tr\/tr_tr\/wp-json\/wp\/v2\/media?parent=29267"}],"wp:term":[{"taxonomy":"product_brand","embeddable":true,"href":"https:\/\/fortalezacoffee.com.tr\/tr_tr\/wp-json\/wp\/v2\/product_brand?post=29267"},{"taxonomy":"product_cat","embeddable":true,"href":"https:\/\/fortalezacoffee.com.tr\/tr_tr\/wp-json\/wp\/v2\/product_cat?post=29267"},{"taxonomy":"product_tag","embeddable":true,"href":"https:\/\/fortalezacoffee.com.tr\/tr_tr\/wp-json\/wp\/v2\/product_tag?post=29267"}],"curies":[{"name":"wp","href":"https:\/\/api.w.org\/{rel}","templated":true}]}}