{"id":29275,"date":"2025-10-24T09:13:28","date_gmt":"2025-10-24T09:13:28","guid":{"rendered":"https:\/\/fortalezacoffee.com.tr\/?post_type=product&#038;p=29275"},"modified":"2025-10-24T09:13:28","modified_gmt":"2025-10-24T09:13:28","slug":"cupcake","status":"publish","type":"product","link":"https:\/\/fortalezacoffee.com.tr\/ar_ar\/product\/cupcake\/","title":{"rendered":"\u0643\u0648\u0628 \u0643\u064a\u0643"},"content":{"rendered":"","protected":false},"excerpt":{"rendered":"<p data-start=\"279\" data-end=\"442\"><strong data-start=\"279\" data-end=\"290\">\u0643\u0648\u0628 \u0643\u064a\u0643<\/strong>, k\u00fc\u00e7\u00fck ve lezzetli bir tatl\u0131d\u0131r. \u00dczeri krem \u015fanti veya renkli s\u00fcslemelerle kaplanm\u0131\u015ft\u0131r ve her lokmada zengin bir tat ve m\u00fckemmel bir tatl\u0131l\u0131k sunar.<\/p>","protected":false},"featured_media":29278,"comment_status":"open","ping_status":"closed","template":"","meta":[],"product_brand":[],"product_cat":[77],"product_tag":[],"class_list":{"0":"post-29275","1":"product","2":"type-product","3":"status-publish","4":"has-post-thumbnail","6":"product_cat-tatlilar","8":"first","9":"instock","10":"shipping-taxable","11":"purchasable","12":"product-type-simple"},"_links":{"self":[{"href":"https:\/\/fortalezacoffee.com.tr\/ar_ar\/wp-json\/wp\/v2\/product\/29275","targetHints":{"allow":["GET"]}}],"collection":[{"href":"https:\/\/fortalezacoffee.com.tr\/ar_ar\/wp-json\/wp\/v2\/product"}],"about":[{"href":"https:\/\/fortalezacoffee.com.tr\/ar_ar\/wp-json\/wp\/v2\/types\/product"}],"replies":[{"embeddable":true,"href":"https:\/\/fortalezacoffee.com.tr\/ar_ar\/wp-json\/wp\/v2\/comments?post=29275"}],"version-history":[{"count":1,"href":"https:\/\/fortalezacoffee.com.tr\/ar_ar\/wp-json\/wp\/v2\/product\/29275\/revisions"}],"predecessor-version":[{"id":29279,"href":"https:\/\/fortalezacoffee.com.tr\/ar_ar\/wp-json\/wp\/v2\/product\/29275\/revisions\/29279"}],"wp:featuredmedia":[{"embeddable":true,"href":"https:\/\/fortalezacoffee.com.tr\/ar_ar\/wp-json\/wp\/v2\/media\/29278"}],"wp:attachment":[{"href":"https:\/\/fortalezacoffee.com.tr\/ar_ar\/wp-json\/wp\/v2\/media?parent=29275"}],"wp:term":[{"taxonomy":"product_brand","embeddable":true,"href":"https:\/\/fortalezacoffee.com.tr\/ar_ar\/wp-json\/wp\/v2\/product_brand?post=29275"},{"taxonomy":"product_cat","embeddable":true,"href":"https:\/\/fortalezacoffee.com.tr\/ar_ar\/wp-json\/wp\/v2\/product_cat?post=29275"},{"taxonomy":"product_tag","embeddable":true,"href":"https:\/\/fortalezacoffee.com.tr\/ar_ar\/wp-json\/wp\/v2\/product_tag?post=29275"}],"curies":[{"name":"wp","href":"https:\/\/api.w.org\/{rel}","templated":true}]}}